{"id":367,"date":"2019-03-18T13:37:43","date_gmt":"2019-03-18T12:37:43","guid":{"rendered":"http:\/\/usedchiller.eu\/?post_type=product&#038;p=367"},"modified":"2019-03-18T13:57:29","modified_gmt":"2019-03-18T12:57:29","slug":"lowara-pumpstation","status":"publish","type":"product","link":"https:\/\/usedchiller.eu\/index.php\/produkt\/lowara-pumpstation\/","title":{"rendered":"Lowara Pumpstation"},"content":{"rendered":"<p>Lowara Pumpstation, 2 St\u00fcck Lowara FHS 80-250\/450, 216 m\u00b3\/h &#8211; 49 m, 90m\u00b3\/h &#8211; 80,5 m, 2&#215;45 kW, incl. Sofstarter, Str\u00f6mungsw\u00e4cher, R\u00fcckschlagventile, etc.<\/p>\n","protected":false},"excerpt":{"rendered":"<p>Type:\u00a0\u00a0\u00a0\u00a0\u00a0\u00a0\u00a0\u00a0\u00a0\u00a0\u00a0\u00a0\u00a0\u00a0\u00a0\u00a0\u00a0\u00a0\u00a0\u00a0\u00a0\u00a0\u00a0\u00a0\u00a0\u00a0\u00a0\u00a0\u00a0\u00a0\u00a0 Pumpstation<\/p>\n<p>Manufacturer:\u00a0\u00a0\u00a0\u00a0\u00a0\u00a0\u00a0\u00a0\u00a0\u00a0\u00a0\u00a0\u00a0\u00a0\u00a0\u00a0\u00a0\u00a0Lowara<\/p>\n<p>Model:\u00a0\u00a0\u00a0\u00a0\u00a0\u00a0\u00a0\u00a0\u00a0\u00a0\u00a0\u00a0\u00a0\u00a0\u00a0\u00a0\u00a0\u00a0\u00a0\u00a0\u00a0\u00a0\u00a0\u00a0\u00a0\u00a0\u00a0 FHS 80-250\/450<\/p>\n<p>Power:\u00a0\u00a0\u00a0\u00a0\u00a0\u00a0\u00a0\u00a0\u00a0\u00a0\u00a0\u00a0\u00a0\u00a0\u00a0 \u00a0\u00a0\u00a0\u00a0\u00a0\u00a0\u00a0\u00a0\u00a0\u00a0\u00a0 \u00a0 2 x 45 kW<\/p>\n","protected":false},"featured_media":368,"template":"","meta":{"spay_email":"","jetpack_publicize_message":""},"jetpack_publicize_connections":[],"jetpack_sharing_enabled":true,"_links":{"self":[{"href":"https:\/\/usedchiller.eu\/index.php\/wp-json\/wp\/v2\/product\/367"}],"collection":[{"href":"https:\/\/usedchiller.eu\/index.php\/wp-json\/wp\/v2\/product"}],"about":[{"href":"https:\/\/usedchiller.eu\/index.php\/wp-json\/wp\/v2\/types\/product"}],"wp:featuredmedia":[{"embeddable":true,"href":"https:\/\/usedchiller.eu\/index.php\/wp-json\/wp\/v2\/media\/368"}],"wp:attachment":[{"href":"https:\/\/usedchiller.eu\/index.php\/wp-json\/wp\/v2\/media?parent=367"}],"curies":[{"name":"wp","href":"https:\/\/api.w.org\/{rel}","templated":true}]}}